{"id":11163,"date":"2020-03-15T13:53:36","date_gmt":"2020-03-15T12:53:36","guid":{"rendered":"https:\/\/www.e-signature.eu\/product\/50-e-signature-cualificadas\/"},"modified":"2026-01-04T21:55:06","modified_gmt":"2026-01-04T20:55:06","slug":"50-e-signature-cualificadas","status":"publish","type":"product","link":"https:\/\/www.e-signature.eu\/es\/producto\/50-e-signature-cualificadas\/","title":{"rendered":"Firma Electr\u00f3nica Cualificada | 50 cr\u00e9ditos"},"content":{"rendered":"<p>Se requiere 1 e-Signature por persona firmante, independientemente del n\u00famero de documentos.<br \/>\nPor ejemplo: 1 contrato y 3 anexos firmados por 2 personas = 2 e-Signatures.<\/p>\n<p><em>\u2013 precio sin iva | v\u00e1lido durante 1 a\u00f1o \u2013<\/em><\/p>\n","protected":false},"excerpt":{"rendered":"<p>Firma f\u00e1cilmente todos tus documentos digitalmente con una firma electr\u00f3nica que cumple la normativa <u><a href=\"https:\/\/ec.europa.eu\/digital-single-market\/en\/trust-services-and-eid\">eIDAS<\/a><\/u>. Si utilizas itsme\u00ae o Evrotrust, m\u00e9todos de firma electr\u00f3nica cualificada (QES), tu firma electr\u00f3nica tendr\u00e1 el mismo valor legal que una firma manuscrita. <\/p>\n<p><img decoding=\"async\" class=\"wp-image-86 alignright\" src=\"https:\/\/www.e-signature.eu\/wp-content\/uploads\/2020\/02\/eidas-electronic-identification-trust-services-europe-logo.png\" alt=\"\" width=\"200\" height=\"46\" srcset=\"https:\/\/www.e-signature.eu\/wp-content\/uploads\/2020\/02\/eidas-electronic-identification-trust-services-europe-logo.png 469w, https:\/\/www.e-signature.eu\/wp-content\/uploads\/2020\/02\/eidas-electronic-identification-trust-services-europe-logo-300x68.png 300w, https:\/\/www.e-signature.eu\/wp-content\/uploads\/2020\/02\/eidas-electronic-identification-trust-services-europe-logo-460x107.png 460w, https:\/\/www.e-signature.eu\/wp-content\/uploads\/2020\/02\/eidas-electronic-identification-trust-services-europe-logo-200x46.png 200w, https:\/\/www.e-signature.eu\/wp-content\/uploads\/2020\/02\/eidas-electronic-identification-trust-services-europe-logo-400x91.png 400w\" sizes=\"(max-width: 200px) 100vw, 200px\" \/><\/p>\n","protected":false},"featured_media":11708,"comment_status":"open","ping_status":"closed","template":"","meta":{"_acf_changed":false,"wds_primary_product_brand":0,"wds_primary_product_cat":0},"product_brand":[],"product_cat":[98],"product_tag":[],"class_list":{"0":"post-11163","1":"product","2":"type-product","3":"status-publish","4":"has-post-thumbnail","6":"product_cat-firma-electronica","8":"first","9":"instock","10":"sale","11":"virtual","12":"taxable","13":"purchasable","14":"product-type-simple"},"acf":[],"_links":{"self":[{"href":"https:\/\/www.e-signature.eu\/es\/wp-json\/wp\/v2\/product\/11163","targetHints":{"allow":["GET"]}}],"collection":[{"href":"https:\/\/www.e-signature.eu\/es\/wp-json\/wp\/v2\/product"}],"about":[{"href":"https:\/\/www.e-signature.eu\/es\/wp-json\/wp\/v2\/types\/product"}],"replies":[{"embeddable":true,"href":"https:\/\/www.e-signature.eu\/es\/wp-json\/wp\/v2\/comments?post=11163"}],"wp:featuredmedia":[{"embeddable":true,"href":"https:\/\/www.e-signature.eu\/es\/wp-json\/wp\/v2\/media\/11708"}],"wp:attachment":[{"href":"https:\/\/www.e-signature.eu\/es\/wp-json\/wp\/v2\/media?parent=11163"}],"wp:term":[{"taxonomy":"product_brand","embeddable":true,"href":"https:\/\/www.e-signature.eu\/es\/wp-json\/wp\/v2\/product_brand?post=11163"},{"taxonomy":"product_cat","embeddable":true,"href":"https:\/\/www.e-signature.eu\/es\/wp-json\/wp\/v2\/product_cat?post=11163"},{"taxonomy":"product_tag","embeddable":true,"href":"https:\/\/www.e-signature.eu\/es\/wp-json\/wp\/v2\/product_tag?post=11163"}],"curies":[{"name":"wp","href":"https:\/\/api.w.org\/{rel}","templated":true}]}}